{"id":2,"date":"2011-06-04T14:28:19","date_gmt":"2011-06-04T12:28:19","guid":{"rendered":"http:\/\/iamois.fr\/WordPress3\/\/?page_id=2"},"modified":"2024-05-26T11:40:56","modified_gmt":"2024-05-26T09:40:56","slug":"about","status":"publish","type":"page","link":"https:\/\/iamois.fr\/WordPress3\/about\/","title":{"rendered":"Bio"},"content":{"rendered":"<hr \/>\n<p><strong>\u00ab\u00a0<em>C&rsquo;est qui ce mec qui voit des poufs partout ?\u00a0\u00bb<\/em><\/strong><\/p>\n<p><span style=\"line-height: 1.6471;\">Je m&rsquo;appelle <\/span><strong style=\"line-height: 1.6471;\">iamo&rsquo;i&rsquo;s<\/strong><span style=\"line-height: 1.6471;\"> (\u00e7a s&rsquo;\u00e9crit comme \u00e7a se prononce, avec simplement 2 apostrophes autour du second \u00ab\u00a0i\u00a0\u00bb, easyyyy  <img src='https:\/\/iamois.fr\/WordPress3\/wp-content\/themes\/amadeus-child\/smileys\/suspicious.gif' alt=':suspicious:' width='36' height='36' class='wpml_ico' \/>  ), \u00e0 prononcer <\/span><strong style=\"line-height: 1.6471;\">ya-mo-isse <\/strong><span style=\"line-height: 1.6471;\">si vous voulez \u00e9viter les regards g\u00ean\u00e9s de vos amis dans les soir\u00e9es hyper branch\u00e9es !<\/span><\/p>\n<p>Ces derni\u00e8res ann\u00e9es, j&rsquo;ai d\u00e9cid\u00e9 de r\u00e9aliser une BD tr\u00e8s intime puisqu&rsquo;elle raconte l&rsquo;histoire que je partage avec ma moiti\u00e9, mon soutien de tous les instants : mon pouf g\u00e9ant :!:<\/p>\n<p>Pour ceux qui, comme moi, partagent leur vie avec un pouf (ou une&#8230;), ou ceux qui h\u00e9sitent \u00e0 sombrer dans la pouffattitude, ce blog est fait pour vous !<\/p>\n<p>Que ces gags vous fassent pouffer de rire, ou juste sourire, vous pouvez les partager \u00e0 gogo gr\u00e2ce aux boutons de partage (FacePouf, Twittpouf, Poufterest, etc.) afin que la v\u00e9rit\u00e9 sur les poufs g\u00e9ants \u00e9clate au grand jour !<\/p>\n<p><strong>Pouf forever !<\/strong><\/p>\n<p><img loading=\"lazy\" decoding=\"async\" class=\"aligncenter size-large wp-image-2204\" src=\"http:\/\/iamois.fr\/WordPress3\/wp-content\/uploads\/2016\/09\/cropped-LaLigneRouge-Pouf-Large-e1474127593440-900x398.png\" alt=\"cropped-LaLigneRouge-Pouf-Large-e1474127593440.png\" width=\"900\" height=\"398\" srcset=\"https:\/\/iamois.fr\/WordPress3\/wp-content\/uploads\/2016\/09\/cropped-LaLigneRouge-Pouf-Large-e1474127593440.png 900w, https:\/\/iamois.fr\/WordPress3\/wp-content\/uploads\/2016\/09\/cropped-LaLigneRouge-Pouf-Large-e1474127593440-300x133.png 300w, https:\/\/iamois.fr\/WordPress3\/wp-content\/uploads\/2016\/09\/cropped-LaLigneRouge-Pouf-Large-e1474127593440-768x340.png 768w, https:\/\/iamois.fr\/WordPress3\/wp-content\/uploads\/2016\/09\/cropped-LaLigneRouge-Pouf-Large-e1474127593440-600x266.png 600w, https:\/\/iamois.fr\/WordPress3\/wp-content\/uploads\/2016\/09\/cropped-LaLigneRouge-Pouf-Large-e1474127593440-750x332.png 750w\" sizes=\"(max-width: 900px) 100vw, 900px\" \/><\/p>\n<p><em>Je pr\u00e9cise que l&rsquo;ensemble des\u00a0dessins pr\u00e9sents sur ce site restent la propri\u00e9t\u00e9 de l&rsquo;auteur&#8230; ce sont les miens quoi ! Donc interdiction de les utiliser sans mon accord !  <img src='https:\/\/iamois.fr\/WordPress3\/wp-content\/themes\/amadeus-child\/smileys\/icon_evil.gif' alt=':evil:' width='36' height='36' class='wpml_ico' \/> <br \/>\nVoil\u00e0, c&rsquo;est dit.  <img src='https:\/\/iamois.fr\/WordPress3\/wp-content\/themes\/amadeus-child\/smileys\/icon_smile.gif' alt=':-)' width='36' height='36' class='wpml_ico' \/> <br \/>\n<\/em><\/p>\n","protected":false},"excerpt":{"rendered":"<p>\u00ab\u00a0C&rsquo;est qui ce mec qui voit des poufs partout ?\u00a0\u00bb Je m&rsquo;appelle iamo&rsquo;i&rsquo;s (\u00e7a s&rsquo;\u00e9crit comme \u00e7a se prononce, avec simplement 2 apostrophes autour du second \u00ab\u00a0i\u00a0\u00bb, easyyyy ), \u00e0 prononcer ya-mo-isse si vous voulez \u00e9viter les regards g\u00ean\u00e9s de vos amis dans les soir\u00e9es hyper branch\u00e9es ! Ces derni\u00e8res ann\u00e9es, j&rsquo;ai d\u00e9cid\u00e9 de r\u00e9aliser [&hellip;]<\/p>\n","protected":false},"author":1,"featured_media":0,"parent":0,"menu_order":0,"comment_status":"closed","ping_status":"closed","template":"","meta":{"footnotes":""},"class_list":["post-2","page","type-page","status-publish","hentry"],"_links":{"self":[{"href":"https:\/\/iamois.fr\/WordPress3\/wp-json\/wp\/v2\/pages\/2"}],"collection":[{"href":"https:\/\/iamois.fr\/WordPress3\/wp-json\/wp\/v2\/pages"}],"about":[{"href":"https:\/\/iamois.fr\/WordPress3\/wp-json\/wp\/v2\/types\/page"}],"author":[{"embeddable":true,"href":"https:\/\/iamois.fr\/WordPress3\/wp-json\/wp\/v2\/users\/1"}],"replies":[{"embeddable":true,"href":"https:\/\/iamois.fr\/WordPress3\/wp-json\/wp\/v2\/comments?post=2"}],"version-history":[{"count":58,"href":"https:\/\/iamois.fr\/WordPress3\/wp-json\/wp\/v2\/pages\/2\/revisions"}],"predecessor-version":[{"id":53406,"href":"https:\/\/iamois.fr\/WordPress3\/wp-json\/wp\/v2\/pages\/2\/revisions\/53406"}],"wp:attachment":[{"href":"https:\/\/iamois.fr\/WordPress3\/wp-json\/wp\/v2\/media?parent=2"}],"curies":[{"name":"wp","href":"https:\/\/api.w.org\/{rel}","templated":true}]}}